{"id":814,"date":"2020-03-21T17:44:12","date_gmt":"2020-03-21T16:44:12","guid":{"rendered":"http:\/\/civerny.cz\/?page_id=814"},"modified":"2024-12-29T18:21:38","modified_gmt":"2024-12-29T17:21:38","slug":"darkovy-poukaz","status":"publish","type":"page","link":"https:\/\/civerny.cz\/?page_id=814","title":{"rendered":"RODINA A D\u011aTI"},"content":{"rendered":"\n<div class=\"wp-block-columns is-layout-flex wp-container-core-columns-is-layout-1 wp-block-columns-is-layout-flex\">\n<div class=\"wp-block-column is-vertically-aligned-top is-layout-flow wp-block-column-is-layout-flow\"><\/div>\n<\/div>\n\n\n\n<p>Poj\u010fme spole\u010dn\u011b zaznamenat jedine\u010dn\u00e1 m\u00edsta, kde za\u017e\u00edv\u00e1te se svou rodinou ty nejkr\u00e1sn\u011bj\u0161\u00ed chv\u00edle. R\u00e1d zachyt\u00edm va\u0161e rodinn\u00e9 souzn\u011bn\u00ed tam, kde to m\u00e1te opravdu r\u00e1di \u2013 u v\u00e1s doma, na zahrad\u011b, v parku, u \u0159eky nebo v lese. Nebo p\u0159ije\u010fte zamnou a uk\u00e1\u017eu v\u00e1m sv\u00e1 obl\u00edben\u00e1 m\u00edsta. M\u016f\u017eeme spolu kreslit, va\u0159it, jezdit na kole, b\u011bhat po zahrad\u011b nebo po lese. Anebo se m\u016f\u017eeme klidn\u011b jen v\u00e1let na gau\u010di.. Prost\u011b tak, jak to m\u00e1te nejrad\u0161i! Budu r\u00e1d, kdy\u017e vytvo\u0159\u00edme p\u0159\u00e1telskou atmosf\u00e9ru a od srdce se zasm\u011bjeme. T\u00edm sp\u00ed\u0161e pak zachyt\u00edm na fotografi\u00edch nejl\u00e9pe to, k\u00fdm opravdu jste \u2013 miluj\u00edc\u00ed rodi\u010de s nejkr\u00e1sn\u011bj\u0161\u00edmi ratolestmi na sv\u011bt\u011b.<\/p>\n\n\n\n<hr class=\"wp-block-separator alignwide has-alpha-channel-opacity is-style-wide\"\/>\n\n\n\nngg_shortcode_0_placeholder\n\n\n\n<hr class=\"wp-block-separator has-alpha-channel-opacity is-style-wide\"\/>\n\n\n\n<div class=\"wp-block-media-text is-stacked-on-mobile is-vertically-aligned-top\" style=\"grid-template-columns:15% auto\"><figure class=\"wp-block-media-text__media\"><img loading=\"lazy\" decoding=\"async\" width=\"1024\" height=\"1024\" src=\"http:\/\/civerny.cz\/wp-content\/uploads\/2020\/10\/civa-klobouk-icona-01-1024x1024.jpg\" alt=\"\" class=\"wp-image-1446 size-full\" srcset=\"https:\/\/civerny.cz\/wp-content\/uploads\/2020\/10\/civa-klobouk-icona-01-1024x1024.jpg 1024w, https:\/\/civerny.cz\/wp-content\/uploads\/2020\/10\/civa-klobouk-icona-01-300x300.jpg 300w, https:\/\/civerny.cz\/wp-content\/uploads\/2020\/10\/civa-klobouk-icona-01-150x150.jpg 150w, https:\/\/civerny.cz\/wp-content\/uploads\/2020\/10\/civa-klobouk-icona-01-768x768.jpg 768w, https:\/\/civerny.cz\/wp-content\/uploads\/2020\/10\/civa-klobouk-icona-01-1536x1536.jpg 1536w, https:\/\/civerny.cz\/wp-content\/uploads\/2020\/10\/civa-klobouk-icona-01-2048x2048.jpg 2048w, https:\/\/civerny.cz\/wp-content\/uploads\/2020\/10\/civa-klobouk-icona-01-533x533.jpg 533w, https:\/\/civerny.cz\/wp-content\/uploads\/2020\/10\/civa-klobouk-icona-01-640x640.jpg 640w, https:\/\/civerny.cz\/wp-content\/uploads\/2020\/10\/civa-klobouk-icona-01-864x864.jpg 864w\" sizes=\"auto, (max-width: 1024px) 100vw, 1024px\" \/><\/figure><div class=\"wp-block-media-text__content\">\n<p><strong>Rodinn\u00e9 foto<\/strong><br>Mo\u017enosti fotografov\u00e1n\u00ed dle domluvy &#8211; ateli\u00e9r, exteri\u00e9r, interi\u00e9r, pop\u0159\u00edpad\u011b u V\u00e1s doma .<\/p>\n\n\n\n<p><strong>Bal\u00ed\u010dek A: 3.900 K\u010d <\/strong><br>10 upraven\u00fdch fotek \/ 1 hodina focen\u00ed <br>do 5 osob jako celku<br>+ 300 K\u010d za ka\u017edou dal\u0161\u00ed fotografi\u00ed<br><strong>Bal\u00ed\u010dek B: 4.900 K\u010d <\/strong><br>20 upraven\u00fdch fotek \/ 1\/5 hodina focen\u00ed <br>+ 200 K\u010d za ka\u017edou dal\u0161\u00ed fotografi\u00ed<br><strong>Bal\u00ed\u010dek C: 6.500 K\u010d <\/strong><br>35 upraven\u00fdch fotek \/ 2 hodiny focen\u00ed <br>mo\u017en\u00e9 i jako oslava<br>+ 100 K\u010d za ka\u017edou dal\u0161\u00ed fotografi\u00ed<\/p>\n\n\n\n<p><\/p>\n<\/div><\/div>\n\n\n\n<hr class=\"wp-block-separator has-alpha-channel-opacity is-style-wide\"\/>\n\n\n\n<div class=\"wp-block-buttons is-layout-flex wp-block-buttons-is-layout-flex\">\n<div class=\"wp-block-button is-style-outline is-style-outline--1\"><a class=\"wp-block-button__link wp-element-button\" href=\"http:\/\/civerny.cz\/\">zp\u011bt<\/a><\/div>\n<\/div>\n\n\n\n<p><\/p>\n","protected":false},"excerpt":{"rendered":"<p>Poj\u010fme spole\u010dn\u011b zaznamenat jedine\u010dn\u00e1 m\u00edsta, kde za\u017e\u00edv\u00e1te se svou rodinou ty nejkr\u00e1sn\u011bj\u0161\u00ed chv\u00edle. R\u00e1d zachyt\u00edm va\u0161e rodinn\u00e9 souzn\u011bn\u00ed tam, kde to m\u00e1te opravdu r\u00e1di \u2013 u v\u00e1s doma, na zahrad\u011b, v parku, u \u0159eky nebo v lese. Nebo p\u0159ije\u010fte zamnou a uk\u00e1\u017eu v\u00e1m sv\u00e1 obl\u00edben\u00e1 &hellip; <a href=\"https:\/\/civerny.cz\/?page_id=814\" class=\"more-link\"><span>Continue reading<span class=\"screen-reader-text\">RODINA A D\u011aTI<\/span><\/span><\/a><\/p>\n","protected":false},"author":1,"featured_media":0,"parent":0,"menu_order":0,"comment_status":"closed","ping_status":"closed","template":"","meta":{"ngg_post_thumbnail":0,"footnotes":""},"class_list":["post-814","page","type-page","status-publish","hentry"],"_links":{"self":[{"href":"https:\/\/civerny.cz\/index.php?rest_route=\/wp\/v2\/pages\/814","targetHints":{"allow":["GET"]}}],"collection":[{"href":"https:\/\/civerny.cz\/index.php?rest_route=\/wp\/v2\/pages"}],"about":[{"href":"https:\/\/civerny.cz\/index.php?rest_route=\/wp\/v2\/types\/page"}],"author":[{"embeddable":true,"href":"https:\/\/civerny.cz\/index.php?rest_route=\/wp\/v2\/users\/1"}],"replies":[{"embeddable":true,"href":"https:\/\/civerny.cz\/index.php?rest_route=%2Fwp%2Fv2%2Fcomments&post=814"}],"version-history":[{"count":42,"href":"https:\/\/civerny.cz\/index.php?rest_route=\/wp\/v2\/pages\/814\/revisions"}],"predecessor-version":[{"id":1696,"href":"https:\/\/civerny.cz\/index.php?rest_route=\/wp\/v2\/pages\/814\/revisions\/1696"}],"wp:attachment":[{"href":"https:\/\/civerny.cz\/index.php?rest_route=%2Fwp%2Fv2%2Fmedia&parent=814"}],"curies":[{"name":"wp","href":"https:\/\/api.w.org\/{rel}","templated":true}]}}