{"id":242,"date":"2020-02-14T16:39:29","date_gmt":"2020-02-14T15:39:29","guid":{"rendered":"http:\/\/civerny.cz\/?page_id=242"},"modified":"2024-12-29T11:16:48","modified_gmt":"2024-12-29T10:16:48","slug":"reportaz","status":"publish","type":"page","link":"https:\/\/civerny.cz\/?page_id=242","title":{"rendered":"REPORT\u00c1\u017d"},"content":{"rendered":"\n<p><strong>Spole\u010densk\u00e9 akce, firemn\u00ed eventy<\/strong>, <strong>sportovn\u00ed ud\u00e1losti <\/strong><br>Focen\u00ed v\u00e1no\u010dn\u00edch ve\u010d\u00edrk\u016f je \u00fapln\u00e1 klasika v\u00a0tomto \u017e\u00e1nru. Tematicky zam\u011b\u0159en\u00e1 report\u00e1\u017en\u00ed fotografie. \u0158editel, manager v\u0161ichni rozd\u00e1vaj\u00ed \u00fasm\u011bvy a m\u00fdm \u00fakolem je zachytit je naprosto v\u00a0p\u0159irozen\u00e9m v\u00edru z\u00e1bavy jako je povinn\u00fd firemn\u00ed event. \u010cast\u00fdm doprovodn\u00fdm programem b\u00fdv\u00e1 obl\u00edben\u00fd foto-koutek s\u00a0mo\u017enost\u00ed okam\u017eit\u00e9ho tisku fotografi\u00ed. Jedn\u00e1 se o pom\u011brn\u011b t\u011b\u017ekou discipl\u00ednu bez mo\u017enosti pozd\u011bj\u0161\u00ed \u00fapravy fotografi\u00ed, jin\u00fdmi slovy v\u0161e na prvn\u00ed dobr\u00fd z\u00e1b\u011br a \u0161up do tisk\u00e1rny. Samostatnou kapitolou je focen\u00ed ples\u016f. Trochu report\u00e1\u017e a hodn\u011b portr\u00e9t\u016f a mo\u0159e usm\u011bvav\u00fdch lid\u00ed. Poveden\u00e1 fotografie na pam\u00e1tku. Nebo jen toul\u00e1n\u00ed Prahou a zachycen\u00ed jej\u00ed v\u00fdjime\u010dnosti.<\/p>\n\n\n\n<hr class=\"wp-block-separator has-css-opacity is-style-wide\"\/>\n\n\n\nngg_shortcode_0_placeholder\n\n\n\n<div class=\"wp-block-media-text alignwide is-stacked-on-mobile\" style=\"grid-template-columns:15% auto\"><figure class=\"wp-block-media-text__media\"><img decoding=\"async\" src=\"http:\/\/civerny.cz\/wp-content\/uploads\/2020\/02\/civa-klobouk-icona-01-1024x1024.jpg\" alt=\"\" class=\"wp-image-451 size-full\"\/><\/figure><div class=\"wp-block-media-text__content\">\n<p class=\"has-normal-font-size\"><strong>Firemn\u00ed akce<\/strong><\/p>\n\n\n\n<p>Ve\u010d\u00edrky, oslavy firemn\u00ed eventy report\u00e1\u017en\u00ed focen\u00ed, sportovn\u00ed akce. <br><strong>Bal\u00ed\u010dek A: 8.000 K\u010d<\/strong> cca 5 &#8211; 6 hodin focen\u00ed v\u00e1mi vybran\u00e9 a n\u00e1sledn\u011b upraven\u00e9 fotografie v digit\u00e1ln\u00ed podob\u011b<\/p>\n\n\n\n<p><strong>Bal\u00ed\u010dek B: 15.000 K\u010d<\/strong> celodenn\u00ed focen\u00ed  v\u00e1mi vybran\u00e9 a n\u00e1sledn\u011b upraven\u00e9 fotografie v digit\u00e1ln\u00ed podob\u011b <\/p>\n<\/div><\/div>\n\n\n\n<div class=\"wp-block-button\"><a class=\"wp-block-button__link wp-element-button\" href=\"http:\/\/civerny.cz\/\" style=\"border-radius:50px\">zp\u011bt<\/a><\/div>\n\n\n\n<hr class=\"wp-block-separator has-css-opacity is-style-wide\"\/>\n","protected":false},"excerpt":{"rendered":"<p>Spole\u010densk\u00e9 akce, firemn\u00ed eventy, sportovn\u00ed ud\u00e1losti Focen\u00ed v\u00e1no\u010dn\u00edch ve\u010d\u00edrk\u016f je \u00fapln\u00e1 klasika v\u00a0tomto \u017e\u00e1nru. Tematicky zam\u011b\u0159en\u00e1 report\u00e1\u017en\u00ed fotografie. \u0158editel, manager v\u0161ichni rozd\u00e1vaj\u00ed \u00fasm\u011bvy a m\u00fdm \u00fakolem je zachytit je naprosto v\u00a0p\u0159irozen\u00e9m v\u00edru z\u00e1bavy jako je povinn\u00fd firemn\u00ed event. \u010cast\u00fdm doprovodn\u00fdm programem b\u00fdv\u00e1 obl\u00edben\u00fd foto-koutek s\u00a0mo\u017enost\u00ed &hellip; <a href=\"https:\/\/civerny.cz\/?page_id=242\" class=\"more-link\"><span>Continue reading<span class=\"screen-reader-text\">REPORT\u00c1\u017d<\/span><\/span><\/a><\/p>\n","protected":false},"author":1,"featured_media":0,"parent":0,"menu_order":0,"comment_status":"closed","ping_status":"closed","template":"","meta":{"ngg_post_thumbnail":0,"footnotes":""},"class_list":["post-242","page","type-page","status-publish","hentry"],"_links":{"self":[{"href":"https:\/\/civerny.cz\/index.php?rest_route=\/wp\/v2\/pages\/242","targetHints":{"allow":["GET"]}}],"collection":[{"href":"https:\/\/civerny.cz\/index.php?rest_route=\/wp\/v2\/pages"}],"about":[{"href":"https:\/\/civerny.cz\/index.php?rest_route=\/wp\/v2\/types\/page"}],"author":[{"embeddable":true,"href":"https:\/\/civerny.cz\/index.php?rest_route=\/wp\/v2\/users\/1"}],"replies":[{"embeddable":true,"href":"https:\/\/civerny.cz\/index.php?rest_route=%2Fwp%2Fv2%2Fcomments&post=242"}],"version-history":[{"count":14,"href":"https:\/\/civerny.cz\/index.php?rest_route=\/wp\/v2\/pages\/242\/revisions"}],"predecessor-version":[{"id":1688,"href":"https:\/\/civerny.cz\/index.php?rest_route=\/wp\/v2\/pages\/242\/revisions\/1688"}],"wp:attachment":[{"href":"https:\/\/civerny.cz\/index.php?rest_route=%2Fwp%2Fv2%2Fmedia&parent=242"}],"curies":[{"name":"wp","href":"https:\/\/api.w.org\/{rel}","templated":true}]}}