{"id":1595,"date":"2024-12-28T20:10:54","date_gmt":"2024-12-28T19:10:54","guid":{"rendered":"https:\/\/civerny.cz\/?page_id=1595"},"modified":"2025-04-22T13:35:39","modified_gmt":"2025-04-22T11:35:39","slug":"news","status":"publish","type":"page","link":"https:\/\/civerny.cz\/","title":{"rendered":"Aktu\u00e1ln\u011b"},"content":{"rendered":"\n<div class=\"wp-block-media-text is-stacked-on-mobile\"><figure class=\"wp-block-media-text__media\"><img loading=\"lazy\" decoding=\"async\" width=\"770\" height=\"527\" src=\"https:\/\/civerny.cz\/wp-content\/uploads\/2025\/04\/1000029366.jpg\" alt=\"\" class=\"wp-image-1820 size-full\" srcset=\"https:\/\/civerny.cz\/wp-content\/uploads\/2025\/04\/1000029366.jpg 770w, https:\/\/civerny.cz\/wp-content\/uploads\/2025\/04\/1000029366-300x205.jpg 300w, https:\/\/civerny.cz\/wp-content\/uploads\/2025\/04\/1000029366-768x526.jpg 768w\" sizes=\"auto, (max-width: 770px) 100vw, 770px\" \/><\/figure><div class=\"wp-block-media-text__content\">\n<p>P\u0159ij\u00edm\u00e1m objedn\u00e1vky na svatebn\u00ed focen\u00ed v roce 2025. <br>Rezervujte si term\u00edn ji\u017e te\u010f.<\/p>\n\n\n\n<div class=\"wp-block-buttons is-layout-flex wp-container-core-buttons-is-layout-1 wp-block-buttons-is-layout-flex\">\n<div class=\"wp-block-button\"><a class=\"wp-block-button__link wp-element-button\" href=\"https:\/\/civerny.cz\/?page_id=1741\">rezervace<\/a><\/div>\n<\/div>\n<\/div><\/div>\n\n\n\n<hr class=\"wp-block-separator has-alpha-channel-opacity is-style-wide\"\/>\n\n\n\n<div class=\"wp-block-media-text is-stacked-on-mobile\"><figure class=\"wp-block-media-text__media\"><img loading=\"lazy\" decoding=\"async\" width=\"1024\" height=\"683\" src=\"http:\/\/civerny.cz\/wp-content\/uploads\/2024\/12\/spolecna-1024x683.jpg\" alt=\"\" class=\"wp-image-1776 size-full\" srcset=\"https:\/\/civerny.cz\/wp-content\/uploads\/2024\/12\/spolecna-1024x683.jpg 1024w, https:\/\/civerny.cz\/wp-content\/uploads\/2024\/12\/spolecna-300x200.jpg 300w, https:\/\/civerny.cz\/wp-content\/uploads\/2024\/12\/spolecna-768x512.jpg 768w, https:\/\/civerny.cz\/wp-content\/uploads\/2024\/12\/spolecna-1536x1024.jpg 1536w, https:\/\/civerny.cz\/wp-content\/uploads\/2024\/12\/spolecna-2048x1365.jpg 2048w\" sizes=\"auto, (max-width: 1024px) 100vw, 1024px\" \/><\/figure><div class=\"wp-block-media-text__content\">\n<p>Poj\u010fme spole\u010dn\u011b zaznamenat jedine\u010dn\u00e1 m\u00edsta, kde za\u017e\u00edv\u00e1te se svou rodinou ty nejkr\u00e1sn\u011bj\u0161\u00ed chv\u00edle. R\u00e1d zachyt\u00edm va\u0161e rodinn\u00e9 souzn\u011bn\u00ed tam, kde to m\u00e1te r\u00e1di.<\/p>\n\n\n\n<div class=\"wp-block-buttons is-layout-flex wp-block-buttons-is-layout-flex\">\n<div class=\"wp-block-button\"><a class=\"wp-block-button__link wp-element-button\" href=\"https:\/\/civerny.cz\/?page_id=1741\">rezervace<\/a><\/div>\n<\/div>\n<\/div><\/div>\n\n\n\n<hr class=\"wp-block-separator has-alpha-channel-opacity is-style-wide\"\/>\n\n\n\n<div class=\"wp-block-media-text is-stacked-on-mobile\"><figure class=\"wp-block-media-text__media\"><img loading=\"lazy\" decoding=\"async\" width=\"1024\" height=\"683\" src=\"https:\/\/civerny.cz\/wp-content\/uploads\/2025\/04\/MG_3152-1024x683.jpg\" alt=\"\" class=\"wp-image-1815 size-full\" srcset=\"https:\/\/civerny.cz\/wp-content\/uploads\/2025\/04\/MG_3152-1024x683.jpg 1024w, https:\/\/civerny.cz\/wp-content\/uploads\/2025\/04\/MG_3152-300x200.jpg 300w, https:\/\/civerny.cz\/wp-content\/uploads\/2025\/04\/MG_3152-768x512.jpg 768w, https:\/\/civerny.cz\/wp-content\/uploads\/2025\/04\/MG_3152-1536x1024.jpg 1536w, https:\/\/civerny.cz\/wp-content\/uploads\/2025\/04\/MG_3152-2048x1366.jpg 2048w\" sizes=\"auto, (max-width: 1024px) 100vw, 1024px\" \/><\/figure><div class=\"wp-block-media-text__content\">\n<p>P\u0159ij\u00edm\u00e1m objedn\u00e1vky na jarn\u00ed &#8211; velikono\u010dn\u00ed focen\u00ed d\u011bt\u00ed. Rezervujte si term\u00edn v\u010das dokud je p\u0159\u00edroda v pln\u00e9m kv\u011btu. Poj\u010fte se pono\u0159it do sv\u011bta jara a velikono\u010dn\u00edch sv\u00e1tk\u016f a zachytit ty nejkr\u00e1sn\u011bj\u0161\u00ed okam\u017eiky, kter\u00e9 budou nav\u017edy \u017eiv\u00e9 na na\u0161ich fotografi\u00edch.<\/p>\n\n\n\n<div class=\"wp-block-buttons is-layout-flex wp-block-buttons-is-layout-flex\">\n<div class=\"wp-block-button\"><a class=\"wp-block-button__link wp-element-button\" href=\"https:\/\/civerny.cz\/?page_id=1741\">REZERVACE<\/a><\/div>\n<\/div>\n<\/div><\/div>\n\n\n\n<div class=\"wp-block-media-text is-stacked-on-mobile\"><figure class=\"wp-block-media-text__media\"><img loading=\"lazy\" decoding=\"async\" width=\"1024\" height=\"683\" src=\"https:\/\/civerny.cz\/wp-content\/uploads\/2025\/04\/1000029639-1024x683.jpg\" alt=\"\" class=\"wp-image-1826 size-full\" srcset=\"https:\/\/civerny.cz\/wp-content\/uploads\/2025\/04\/1000029639-1024x683.jpg 1024w, https:\/\/civerny.cz\/wp-content\/uploads\/2025\/04\/1000029639-300x200.jpg 300w, https:\/\/civerny.cz\/wp-content\/uploads\/2025\/04\/1000029639-768x512.jpg 768w, https:\/\/civerny.cz\/wp-content\/uploads\/2025\/04\/1000029639-1536x1024.jpg 1536w, https:\/\/civerny.cz\/wp-content\/uploads\/2025\/04\/1000029639-2048x1365.jpg 2048w\" sizes=\"auto, (max-width: 1024px) 100vw, 1024px\" \/><\/figure><div class=\"wp-block-media-text__content\">\n<p class=\"has-text-align-left\">Focen\u00ed portr\u00e9t\u016f v rozkvetl\u00fdch zahrad\u00e1ch, vhodn\u00e9 pro d\u011bti i zamilovan\u00e9 p\u00e1ry jako foto-rande.<\/p>\n\n\n\n<div class=\"wp-block-buttons is-layout-flex wp-block-buttons-is-layout-flex\">\n<div class=\"wp-block-button\"><a class=\"wp-block-button__link wp-element-button\" href=\"http:\/\/civerny.cz\/wp-content\/gallery\/svatba\/\">REZERVACE<\/a><\/div>\n<\/div>\n<\/div><\/div>\n\n\n\n<p><\/p>\n","protected":false},"excerpt":{"rendered":"","protected":false},"author":1,"featured_media":0,"parent":0,"menu_order":0,"comment_status":"closed","ping_status":"closed","template":"","meta":{"ngg_post_thumbnail":0,"footnotes":""},"class_list":["post-1595","page","type-page","status-publish","hentry"],"_links":{"self":[{"href":"https:\/\/civerny.cz\/index.php?rest_route=\/wp\/v2\/pages\/1595","targetHints":{"allow":["GET"]}}],"collection":[{"href":"https:\/\/civerny.cz\/index.php?rest_route=\/wp\/v2\/pages"}],"about":[{"href":"https:\/\/civerny.cz\/index.php?rest_route=\/wp\/v2\/types\/page"}],"author":[{"embeddable":true,"href":"https:\/\/civerny.cz\/index.php?rest_route=\/wp\/v2\/users\/1"}],"replies":[{"embeddable":true,"href":"https:\/\/civerny.cz\/index.php?rest_route=%2Fwp%2Fv2%2Fcomments&post=1595"}],"version-history":[{"count":20,"href":"https:\/\/civerny.cz\/index.php?rest_route=\/wp\/v2\/pages\/1595\/revisions"}],"predecessor-version":[{"id":1832,"href":"https:\/\/civerny.cz\/index.php?rest_route=\/wp\/v2\/pages\/1595\/revisions\/1832"}],"wp:attachment":[{"href":"https:\/\/civerny.cz\/index.php?rest_route=%2Fwp%2Fv2%2Fmedia&parent=1595"}],"curies":[{"name":"wp","href":"https:\/\/api.w.org\/{rel}","templated":true}]}}