{"id":1445,"date":"2020-10-11T17:24:50","date_gmt":"2020-10-11T15:24:50","guid":{"rendered":"http:\/\/civerny.cz\/?page_id=1445"},"modified":"2024-04-01T16:29:46","modified_gmt":"2024-04-01T14:29:46","slug":"grafika","status":"publish","type":"page","link":"http:\/\/civerny.cz\/?page_id=1445","title":{"rendered":"GRAFIKA"},"content":{"rendered":"\n<div class=\"wp-block-media-text alignwide is-stacked-on-mobile is-vertically-aligned-top\" style=\"grid-template-columns:32% auto\"><figure class=\"wp-block-media-text__media\"><img loading=\"lazy\" decoding=\"async\" width=\"1024\" height=\"1024\" src=\"http:\/\/civerny.cz\/wp-content\/uploads\/2020\/10\/civa-klobouk-icona-01-1024x1024.jpg\" alt=\"\" class=\"wp-image-1446 size-full\" srcset=\"http:\/\/civerny.cz\/wp-content\/uploads\/2020\/10\/civa-klobouk-icona-01-1024x1024.jpg 1024w, http:\/\/civerny.cz\/wp-content\/uploads\/2020\/10\/civa-klobouk-icona-01-300x300.jpg 300w, http:\/\/civerny.cz\/wp-content\/uploads\/2020\/10\/civa-klobouk-icona-01-150x150.jpg 150w, http:\/\/civerny.cz\/wp-content\/uploads\/2020\/10\/civa-klobouk-icona-01-768x768.jpg 768w, http:\/\/civerny.cz\/wp-content\/uploads\/2020\/10\/civa-klobouk-icona-01-1536x1536.jpg 1536w, http:\/\/civerny.cz\/wp-content\/uploads\/2020\/10\/civa-klobouk-icona-01-2048x2048.jpg 2048w, http:\/\/civerny.cz\/wp-content\/uploads\/2020\/10\/civa-klobouk-icona-01-533x533.jpg 533w, http:\/\/civerny.cz\/wp-content\/uploads\/2020\/10\/civa-klobouk-icona-01-640x640.jpg 640w, http:\/\/civerny.cz\/wp-content\/uploads\/2020\/10\/civa-klobouk-icona-01-864x864.jpg 864w\" sizes=\"auto, (max-width: 1024px) 100vw, 1024px\" \/><\/figure><div class=\"wp-block-media-text__content\">\n<p class=\"has-normal-font-size\">Grafika, vizu\u00e1ln\u00ed styl a&nbsp;DTP pr\u00e1ce, billboardy, plak\u00e1ty, let\u00e1ky, bannery, roll-upy, vizitky, reklamn\u00ed p\u0159edm\u011bty a&nbsp;tiskoviny v\u010detn\u011b p\u0159edtiskov\u00e9 p\u0159\u00edpravy. Spolupr\u00e1ce s ov\u011b\u0159enou tisk\u00e1rnou. <\/p>\n\n\n\n<p class=\"has-normal-font-size\">Tvorba jednotn\u00e9 firemn\u00ed identity a\u00a0reprezentativn\u00edho loga.<br><br>Webov\u00fd design. Tvorba jednoduch\u00fdch webov\u00fdch str\u00e1nek. <br>Vytv\u00e1\u0159en\u00ed digit\u00e1ln\u00ed grafiky, ilustrace na weby, soci\u00e1ln\u00ed s\u00edt\u011b, n\u00e1vrhy banner\u016f. <br>Pr\u00e1ce s\u00a0WordPress.<br><br>Hodinov\u00e1 sazba <strong>700 K\u010d<\/strong>.<\/p>\n\n\n\n<p><\/p>\n\n\n\n<p>Ceny jsou pouze orienta\u010dn\u00ed. Ka\u017ed\u00e1 zak\u00e1zka je jedine\u010dn\u00e1 a ka\u017ed\u00e9 je pot\u0159eba v\u011bnovat jin\u00fd individu\u00e1ln\u00ed p\u0159\u00edstup, proto nelze pova\u017eovat ceny za pevn\u011b dan\u00e9.<\/p>\n\n\n\n<p>Ceny se odv\u00edj\u00ed od typu zak\u00e1zky, n\u00e1ro\u010dnosti, rozs\u00e1hlosti pr\u00e1ce, dod\u00e1n\u00ed podklad\u016f a od konkr\u00e9tn\u00edch po\u017eadavk\u016f z\u00e1kazn\u00edka. Po sezn\u00e1men\u00ed se zak\u00e1zkou jsem schopen zpracovat p\u0159esnou cenovou nab\u00eddku.<\/p>\n\n\n\n<p><strong>ORIENTA\u010cN\u00cd CEN\u00cdK GRAFICK\u00ddCH PRAC\u00cd<\/strong><\/p>\n\n\n\n<p>TISKOVINY<br>Ceny nezahrnuj\u00ed tiskov\u00e9 slu\u017eby. Po dohod\u011b mo\u017en\u00e9 zajistit tisk. Cena tisku zavis\u00ed na typu form\u00e1tu, po\u010det kus\u016f, barevnosti, povrchov\u00e9 uprav\u011b\u2026<\/p>\n\n\n\n<p>VIZITKA<br>\u2022 Jednostrann\u00e1 vizitka \u2013 500 K\u010d<br>\u2022 Dvoustrann\u00e1 vizitka \u2013 750 K\u010d<\/p>\n\n\n\n<p>Dle rozs\u00e1hlosti obsahu a dodan\u00fdch materi\u00e1l\u016f.<\/p>\n\n\n\n<p>Grafick\u00fd n\u00e1vrh, p\u0159edtiskov\u00e1 p\u0159\u00edprava, v\u00fdstupn\u00ed data v pdf.<\/p>\n\n\n\n<p>PLAK\u00c1T<br>od 950 K\u010d<br>Dle rozs\u00e1hlosti obsahu a dodan\u00fdch materi\u00e1l\u016f.<\/p>\n\n\n\n<p>Grafick\u00fd n\u00e1vrh, sazba, p\u0159edtiskov\u00e1 p\u0159\u00edprava, v\u00fdstupn\u00ed data v pdf.<\/p>\n\n\n\n<p>KATALOG, BRO\u017dURA<\/p>\n\n\n\n<ul class=\"wp-block-list\"><li>V\u00edce strankov\u00e9 dokumenty<br>od 1.300 K\u010d<br>\u2022 Ob\u00e1lka \u2013 od 1.500 K\u010d<br>\u2022 Ka\u017ed\u00e1 dal\u0161\u00ed str\u00e1na \u2013 od 400 K\u010d<\/li><\/ul>\n\n\n\n<p>Dle rozs\u00e1hlosti obsahu a dodan\u00fdch materi\u00e1l\u016f.<\/p>\n\n\n\n<p>Grafick\u00fd n\u00e1vrh, sazba, p\u0159edtiskov\u00e1 p\u0159\u00edprava, v\u00fdstupn\u00ed data v pdf.<\/p>\n\n\n\n<p>INZER\u00c1T<br>od 950 K\u010d<br>Dle rozs\u00e1hlosti obsahu a dodan\u00fdch materi\u00e1l\u016f.<\/p>\n\n\n\n<p>Grafick\u00fd n\u00e1vrh, sazba, p\u0159edtiskov\u00e1 p\u0159\u00edprava, v\u00fdstupn\u00ed data v pdf.<\/p>\n\n\n\n<p>LET\u00c1K, POZV\u00c1NKA<br>od 1.300 K\u010d<br>\u2022 Jednostrann\u011b \u2013 1.300 K\u010d<br>\u2022 Dvoustrann\u011b \u2013 1.800 K\u010d<\/p>\n\n\n\n<p>Dle rozs\u00e1hlosti obsahu a dodan\u00fdch materi\u00e1l\u016f.<\/p>\n\n\n\n<p>Grafick\u00fd n\u00e1vrh, sazba, p\u0159edtiskov\u00e1 p\u0159\u00edprava, v\u00fdstupn\u00ed data v pdf.<\/p>\n\n\n\n<p>ROLL-UP, BANNER, BILLBOARD, CEDULE<br>od 1.400 K\u010d<br>Dle rozs\u00e1hlosti obsahu a dodan\u00fdch materi\u00e1l\u016f.<\/p>\n\n\n\n<p>Grafick\u00fd n\u00e1vrh, sazba, p\u0159edtiskov\u00e1 p\u0159\u00edprava, v\u00fdstupn\u00ed data v pdf.<\/p>\n\n\n\n<p>DOPISN\u00cd A HLAVI\u010cKOV\u00c9 PAP\u00cdRY<br>od 650 K\u010d<br>Dle rozs\u00e1hlosti obsahu a dodan\u00fdch materi\u00e1l\u016f.<\/p>\n\n\n\n<p>Grafick\u00fd n\u00e1vrh, p\u0159edtiskov\u00e1 p\u0159\u00edprava, v\u00fdstupn\u00ed data v pdf.<\/p>\n\n\n\n<p>SAMOLEPKA<br>od 950 K\u010d<br>Dle rozs\u00e1hlosti obsahu a dodan\u00fdch materi\u00e1l\u016f.<\/p>\n\n\n\n<p>Grafick\u00fd n\u00e1vrh, sazba, p\u0159edtiskov\u00e1 p\u0159\u00edprava, v\u00fdstupn\u00ed data v pdf.<\/p>\n\n\n\n<p>ETIKETY<br>od 1.500 K\u010d<br>od 1.500 K\u010d<br>Dle rozs\u00e1hlosti obsahu a dodan\u00fdch materi\u00e1l\u016f.<\/p>\n\n\n\n<p>Grafick\u00fd n\u00e1vrh, sazba, p\u0159edtiskov\u00e1 p\u0159\u00edprava, v\u00fdstupn\u00ed data v pdf.<\/p>\n\n\n\n<p>GRAFIKA NA TEXTIL<br>od 950 K\u010d<br>Dle rozs\u00e1hlosti obsahu a dodan\u00fdch materi\u00e1l\u016f.<\/p>\n\n\n\n<p>Grafick\u00fd n\u00e1vrh, sazba, p\u0159edtiskov\u00e1 p\u0159\u00edprava, v\u00fdstupn\u00ed data v pdf.<\/p>\n\n\n\n<p>DIGIT\u00c1LN\u00cd GRAFIKA<\/p>\n\n\n\n<p>BANNER<br>od 750 K\u010d<br>\u2022 Statick\u00fd \u2013 od 750 K\u010d do 1.400 K\u010d<br>\u2022 Animovan\u00fd \u2013 od 2.000 K\u010d<\/p>\n\n\n\n<p>Dle rozs\u00e1hlosti obsahu a velikosti form\u00e1tu.<\/p>\n\n\n\n<p>\u00daPRAVA<br>FOTOGRAFI\u00cd<br>hodinov\u00e1 sazba 650 K\u010d<br>retu\u0161ov\u00e1n\u00ed, fotomont\u00e1\u017ee<\/p>\n\n\n\n<p><br>VEKTOROV\u00c9<br>ILUSTRACE<br>hodinov\u00e1 sazba 650 K\u010d<\/p>\n\n\n\n<p>JEDNOTN\u00dd VIZU\u00c1LN\u00cd STYL<br>LOGO A LOGOMANU\u00c1L<br>\u2022 Logo od 3.500 &#8211; 5.000 K\u010d dle n\u00e1ro\u010dnosti<br>\u2013 n\u00e1vrh loga v barevn\u00e9 i \u010dernob\u00edl\u00e9 verzi<br>\u2013 v\u00fdstupn\u00ed data v jpg, png, pdf, ai, eps<\/p>\n\n\n\n<p>\u2022 Logo s logomanu\u00e1lem od 15.000 K\u010d<br>\u2013 n\u00e1vrh loga v barevn\u00e9 i \u010dernob\u00edl\u00e9 verzi<br>\u2013 v\u00fdstupn\u00ed data v jpg, png, pdf, ai, eps<br>\u2013 logomanu\u00e1l v pdf<\/p>\n\n\n\n<p>WEBOV\u00c1 STR\u00c1NKA<\/p>\n\n\n\n<p>WEBOV\u00c9 STR\u00c1NKY S REDAK\u010cN\u00cdM SYST\u00c9MEM WORDPRESS<br>od 15.000 K\u010d<br>Cena nezahrnuje cenu za dom\u00e9nu ani webhosting.<br>\u2022 Zaji\u0161t\u011bn\u00ed dom\u00e9ny a webhostingu<br>\u2022 N\u00e1vrh responzivn\u00edho designu<br>\u2022 SEO a optimalizace pro v\u00fdhled\u00e1va\u010de<br>\u2022 Zabezpe\u010den\u00ed HTTPS<br>\u2022 E-mail k dom\u00e9n\u011b<\/p>\n\n\n\n<p>D\u00e1le pro v\u00e1s mohu zajistit:<br>\u2022 Grafick\u00e9 \u00fapravy webu\u2013 500 K\u010d\/h<\/p>\n<\/div><\/div>\n\n\n\n<p><\/p>\n","protected":false},"excerpt":{"rendered":"<p>Grafika, vizu\u00e1ln\u00ed styl a&nbsp;DTP pr\u00e1ce, billboardy, plak\u00e1ty, let\u00e1ky, bannery, roll-upy, vizitky, reklamn\u00ed p\u0159edm\u011bty a&nbsp;tiskoviny v\u010detn\u011b p\u0159edtiskov\u00e9 p\u0159\u00edpravy. Spolupr\u00e1ce s ov\u011b\u0159enou tisk\u00e1rnou. Tvorba jednotn\u00e9 firemn\u00ed identity a\u00a0reprezentativn\u00edho loga. Webov\u00fd design. Tvorba jednoduch\u00fdch webov\u00fdch str\u00e1nek. Vytv\u00e1\u0159en\u00ed digit\u00e1ln\u00ed grafiky, ilustrace na weby, soci\u00e1ln\u00ed s\u00edt\u011b, n\u00e1vrhy banner\u016f. Pr\u00e1ce s\u00a0WordPress. &hellip; <a href=\"http:\/\/civerny.cz\/?page_id=1445\" class=\"more-link\"><span>Continue reading<span class=\"screen-reader-text\">GRAFIKA<\/span><\/span><\/a><\/p>\n","protected":false},"author":1,"featured_media":0,"parent":0,"menu_order":0,"comment_status":"closed","ping_status":"closed","template":"","meta":{"ngg_post_thumbnail":0,"footnotes":""},"class_list":["post-1445","page","type-page","status-publish","hentry"],"_links":{"self":[{"href":"http:\/\/civerny.cz\/index.php?rest_route=\/wp\/v2\/pages\/1445","targetHints":{"allow":["GET"]}}],"collection":[{"href":"http:\/\/civerny.cz\/index.php?rest_route=\/wp\/v2\/pages"}],"about":[{"href":"http:\/\/civerny.cz\/index.php?rest_route=\/wp\/v2\/types\/page"}],"author":[{"embeddable":true,"href":"http:\/\/civerny.cz\/index.php?rest_route=\/wp\/v2\/users\/1"}],"replies":[{"embeddable":true,"href":"http:\/\/civerny.cz\/index.php?rest_route=%2Fwp%2Fv2%2Fcomments&post=1445"}],"version-history":[{"count":11,"href":"http:\/\/civerny.cz\/index.php?rest_route=\/wp\/v2\/pages\/1445\/revisions"}],"predecessor-version":[{"id":1557,"href":"http:\/\/civerny.cz\/index.php?rest_route=\/wp\/v2\/pages\/1445\/revisions\/1557"}],"wp:attachment":[{"href":"http:\/\/civerny.cz\/index.php?rest_route=%2Fwp%2Fv2%2Fmedia&parent=1445"}],"curies":[{"name":"wp","href":"https:\/\/api.w.org\/{rel}","templated":true}]}}